{"id":50,"date":"2021-03-18T04:48:54","date_gmt":"2021-03-18T04:48:54","guid":{"rendered":"http:\/\/zentrodbt.cl\/?page_id=50"},"modified":"2022-04-01T19:06:57","modified_gmt":"2022-04-01T19:06:57","slug":"inicio","status":"publish","type":"page","link":"https:\/\/zentrodbt.cl\/","title":{"rendered":"Inicio"},"content":{"rendered":"\t\t<div data-elementor-type=\"wp-page\" data-elementor-id=\"50\" class=\"elementor elementor-50\" data-elementor-post-type=\"page\">\n\t\t\t\t\t\t<section class=\"elementor-section elementor-top-section elementor-element elementor-element-9a88508 elementor-section-full_width elementor-section-height-full elementor-section-stretched elementor-section-height-default elementor-section-items-middle\" data-id=\"9a88508\" data-element_type=\"section\" data-e-type=\"section\" data-settings=\"{&quot;stretch_section&quot;:&quot;section-stretched&quot;,&quot;background_background&quot;:&quot;classic&quot;}\">\n\t\t\t\t\t\t\t<div class=\"elementor-background-overlay\"><\/div>\n\t\t\t\t\t\t\t<div class=\"elementor-container elementor-column-gap-no\">\n\t\t\t\t\t<div class=\"elementor-column elementor-col-100 elementor-top-column elementor-element elementor-element-51b10ac\" data-id=\"51b10ac\" data-element_type=\"column\" data-e-type=\"column\">\n\t\t\t<div class=\"elementor-widget-wrap elementor-element-populated\">\n\t\t\t\t\t\t<div class=\"elementor-element elementor-element-f142e9b elementor-widget elementor-widget-heading\" data-id=\"f142e9b\" data-element_type=\"widget\" data-e-type=\"widget\" data-widget_type=\"heading.default\">\n\t\t\t\t<div class=\"elementor-widget-container\">\n\t\t\t\t\t<h1 class=\"elementor-heading-title elementor-size-default\">ZentroDBT<\/h1>\t\t\t\t<\/div>\n\t\t\t\t<\/div>\n\t\t\t\t<div class=\"elementor-element elementor-element-4099f1a elementor-widget elementor-widget-heading\" data-id=\"4099f1a\" data-element_type=\"widget\" data-e-type=\"widget\" data-widget_type=\"heading.default\">\n\t\t\t\t<div class=\"elementor-widget-container\">\n\t\t\t\t\t<h4 class=\"elementor-heading-title elementor-size-default\">Terapia Conductual Dialectica - Minduflness<\/h4>\t\t\t\t<\/div>\n\t\t\t\t<\/div>\n\t\t\t\t\t<\/div>\n\t\t<\/div>\n\t\t\t\t\t<\/div>\n\t\t<\/section>\n\t\t\t\t<section class=\"elementor-section elementor-top-section elementor-element elementor-element-392cf6e elementor-section-boxed elementor-section-height-default elementor-section-height-default\" data-id=\"392cf6e\" data-element_type=\"section\" data-e-type=\"section\">\n\t\t\t\t\t\t<div class=\"elementor-container elementor-column-gap-default\">\n\t\t\t\t\t<div class=\"elementor-column elementor-col-100 elementor-top-column elementor-element elementor-element-324b178\" data-id=\"324b178\" data-element_type=\"column\" data-e-type=\"column\">\n\t\t\t<div class=\"elementor-widget-wrap elementor-element-populated\">\n\t\t\t\t\t\t<div class=\"elementor-element elementor-element-995bdec elementor-widget elementor-widget-heading\" data-id=\"995bdec\" data-element_type=\"widget\" data-e-type=\"widget\" data-widget_type=\"heading.default\">\n\t\t\t\t<div class=\"elementor-widget-container\">\n\t\t\t\t\t<h2 class=\"elementor-heading-title elementor-size-default\">Ultimos Post<\/h2>\t\t\t\t<\/div>\n\t\t\t\t<\/div>\n\t\t\t\t<div class=\"elementor-element elementor-element-1f44535 elementor-posts--align-left elementor-grid-3 elementor-grid-tablet-2 elementor-grid-mobile-1 elementor-posts--thumbnail-top elementor-card-shadow-yes elementor-posts__hover-gradient elementor-widget elementor-widget-posts\" data-id=\"1f44535\" data-element_type=\"widget\" data-e-type=\"widget\" data-settings=\"{&quot;cards_row_gap&quot;:{&quot;unit&quot;:&quot;px&quot;,&quot;size&quot;:&quot;&quot;,&quot;sizes&quot;:[]},&quot;cards_masonry&quot;:&quot;yes&quot;,&quot;cards_columns&quot;:&quot;3&quot;,&quot;cards_columns_tablet&quot;:&quot;2&quot;,&quot;cards_columns_mobile&quot;:&quot;1&quot;,&quot;cards_row_gap_tablet&quot;:{&quot;unit&quot;:&quot;px&quot;,&quot;size&quot;:&quot;&quot;,&quot;sizes&quot;:[]},&quot;cards_row_gap_mobile&quot;:{&quot;unit&quot;:&quot;px&quot;,&quot;size&quot;:&quot;&quot;,&quot;sizes&quot;:[]}}\" data-widget_type=\"posts.cards\">\n\t\t\t\t<div class=\"elementor-widget-container\">\n\t\t\t\t\t\t\t<div class=\"elementor-posts-container elementor-posts elementor-posts--skin-cards elementor-grid\" role=\"list\">\n\t\t\t\t<article class=\"elementor-post elementor-grid-item post-653 post type-post status-publish format-standard has-post-thumbnail hentry category-notas\" role=\"listitem\">\n\t\t\t<div class=\"elementor-post__card\">\n\t\t\t\t<a class=\"elementor-post__thumbnail__link\" href=\"https:\/\/zentrodbt.cl\/?p=653\" tabindex=\"-1\" ><div class=\"elementor-post__thumbnail\"><img fetchpriority=\"high\" decoding=\"async\" width=\"580\" height=\"386\" src=\"https:\/\/zentrodbt.cl\/wp-content\/uploads\/2023\/06\/mujer-deprimida-sesion-psicoterapia-consultorio-medico_637285--1024x682.jpg\" class=\"attachment-large size-large wp-image-654\" alt=\"\" srcset=\"https:\/\/zentrodbt.cl\/wp-content\/uploads\/2023\/06\/mujer-deprimida-sesion-psicoterapia-consultorio-medico_637285--1024x682.jpg 1024w, https:\/\/zentrodbt.cl\/wp-content\/uploads\/2023\/06\/mujer-deprimida-sesion-psicoterapia-consultorio-medico_637285--500x333.jpg 500w, https:\/\/zentrodbt.cl\/wp-content\/uploads\/2023\/06\/mujer-deprimida-sesion-psicoterapia-consultorio-medico_637285--768x512.jpg 768w, https:\/\/zentrodbt.cl\/wp-content\/uploads\/2023\/06\/mujer-deprimida-sesion-psicoterapia-consultorio-medico_637285--1200x799.jpg 1200w, https:\/\/zentrodbt.cl\/wp-content\/uploads\/2023\/06\/mujer-deprimida-sesion-psicoterapia-consultorio-medico_637285-.jpg 1252w\" sizes=\"(max-width: 580px) 100vw, 580px\" \/><\/div><\/a>\n\t\t\t\t<div class=\"elementor-post__text\">\n\t\t\t\t<h3 class=\"elementor-post__title\">\n\t\t\t<a href=\"https:\/\/zentrodbt.cl\/?p=653\" >\n\t\t\t\t5 funciones de DBT\t\t\t<\/a>\n\t\t<\/h3>\n\t\t\t\t<div class=\"elementor-post__excerpt\">\n\t\t\t<p>La terapia conductual dial\u00e9ctica [DBT] se ha desarrollado ampliamente en los \u00faltimos a\u00f1os, derivando en DBT para adolescentes, DBT para adicciones, DBT para trastornos alimentarios,<\/p>\n\t\t<\/div>\n\t\t\n\t\t<a class=\"elementor-post__read-more\" href=\"https:\/\/zentrodbt.cl\/?p=653\" aria-label=\"Read more about 5 funciones de DBT\" tabindex=\"-1\" >\n\t\t\tLeer \u00bb\t\t<\/a>\n\n\t\t\t\t<\/div>\n\t\t\t\t<div class=\"elementor-post__meta-data\">\n\t\t\t\t\t<span class=\"elementor-post-date\">\n\t\t\t14 de junio de 2023\t\t<\/span>\n\t\t\t\t<span class=\"elementor-post-avatar\">\n\t\t\tNo hay comentarios\t\t<\/span>\n\t\t\t\t<\/div>\n\t\t\t\t\t<\/div>\n\t\t<\/article>\n\t\t\t\t<article class=\"elementor-post elementor-grid-item post-635 post type-post status-publish format-standard has-post-thumbnail hentry category-notas\" role=\"listitem\">\n\t\t\t<div class=\"elementor-post__card\">\n\t\t\t\t<a class=\"elementor-post__thumbnail__link\" href=\"https:\/\/zentrodbt.cl\/?p=635\" tabindex=\"-1\" ><div class=\"elementor-post__thumbnail\"><img decoding=\"async\" width=\"580\" height=\"347\" src=\"https:\/\/zentrodbt.cl\/wp-content\/uploads\/2023\/04\/chica-triste-hospital-sant-joan-deu-barcelona-e1681143753933-1024x613.jpg\" class=\"attachment-large size-large wp-image-636\" alt=\"\" srcset=\"https:\/\/zentrodbt.cl\/wp-content\/uploads\/2023\/04\/chica-triste-hospital-sant-joan-deu-barcelona-e1681143753933-1024x613.jpg 1024w, https:\/\/zentrodbt.cl\/wp-content\/uploads\/2023\/04\/chica-triste-hospital-sant-joan-deu-barcelona-e1681143753933-500x299.jpg 500w, https:\/\/zentrodbt.cl\/wp-content\/uploads\/2023\/04\/chica-triste-hospital-sant-joan-deu-barcelona-e1681143753933-768x460.jpg 768w, https:\/\/zentrodbt.cl\/wp-content\/uploads\/2023\/04\/chica-triste-hospital-sant-joan-deu-barcelona-e1681143753933.jpg 1047w\" sizes=\"(max-width: 580px) 100vw, 580px\" \/><\/div><\/a>\n\t\t\t\t<div class=\"elementor-post__text\">\n\t\t\t\t<h3 class=\"elementor-post__title\">\n\t\t\t<a href=\"https:\/\/zentrodbt.cl\/?p=635\" >\n\t\t\t\tTLP en Adolescentes\t\t\t<\/a>\n\t\t<\/h3>\n\t\t\t\t<div class=\"elementor-post__excerpt\">\n\t\t\t<p>El trastorno de personalidad l\u00edmite (TPL), es un trastorno mental que se caracteriza por una inestabilidad emocional grave, una percepci\u00f3n negativa de uno mismo y de los dem\u00e1s, acompa\u00f1ado de comportamientos impulsivos y en muchos casos autolesivos. <\/p>\n<p>Aunque se suele asociar con adultos, el TPL tambi\u00e9n afecta a adolescentes y puede tener consecuencias graves en el desarrollo de los j\u00f3venes afectados. Revisaremos algunas de sus principales s\u00edntomas y causas asociada.<\/p>\n\t\t<\/div>\n\t\t\n\t\t<a class=\"elementor-post__read-more\" href=\"https:\/\/zentrodbt.cl\/?p=635\" aria-label=\"Read more about TLP en Adolescentes\" tabindex=\"-1\" >\n\t\t\tLeer \u00bb\t\t<\/a>\n\n\t\t\t\t<\/div>\n\t\t\t\t<div class=\"elementor-post__meta-data\">\n\t\t\t\t\t<span class=\"elementor-post-date\">\n\t\t\t10 de abril de 2023\t\t<\/span>\n\t\t\t\t<span class=\"elementor-post-avatar\">\n\t\t\tNo hay comentarios\t\t<\/span>\n\t\t\t\t<\/div>\n\t\t\t\t\t<\/div>\n\t\t<\/article>\n\t\t\t\t<article class=\"elementor-post elementor-grid-item post-616 post type-post status-publish format-standard has-post-thumbnail hentry category-notas\" role=\"listitem\">\n\t\t\t<div class=\"elementor-post__card\">\n\t\t\t\t<a class=\"elementor-post__thumbnail__link\" href=\"https:\/\/zentrodbt.cl\/?p=616\" tabindex=\"-1\" ><div class=\"elementor-post__thumbnail\"><img decoding=\"async\" width=\"580\" height=\"326\" src=\"https:\/\/zentrodbt.cl\/wp-content\/uploads\/2023\/02\/trastorno-limite.jpg\" class=\"attachment-large size-large wp-image-618\" alt=\"\" srcset=\"https:\/\/zentrodbt.cl\/wp-content\/uploads\/2023\/02\/trastorno-limite.jpg 900w, https:\/\/zentrodbt.cl\/wp-content\/uploads\/2023\/02\/trastorno-limite-500x281.jpg 500w, https:\/\/zentrodbt.cl\/wp-content\/uploads\/2023\/02\/trastorno-limite-768x432.jpg 768w\" sizes=\"(max-width: 580px) 100vw, 580px\" \/><\/div><\/a>\n\t\t\t\t<div class=\"elementor-post__text\">\n\t\t\t\t<h3 class=\"elementor-post__title\">\n\t\t\t<a href=\"https:\/\/zentrodbt.cl\/?p=616\" >\n\t\t\t\tMitos sobre el TLP\t\t\t<\/a>\n\t\t<\/h3>\n\t\t\t\t<div class=\"elementor-post__excerpt\">\n\t\t\t<p>Es com\u00fan se generen creencias populares en torno a algunos trastornos, las redes sociales han contribuido a amplificar la diseminaci\u00f3n y amplificaci\u00f3n de estas creencias, algunas p\u00e1ginas web o videos en redes sociales se\u00f1alan alguna informaci\u00f3n que a veces es acertada, pero otras no es nada m\u00e1s lejano de la realidad. Como profesionales de la salud mental parte de nuestro rol en la sociedad es visibilizar y aclarar estas confusiones, contribuir al conocimiento sobre los trastornos mentales y apoyar en el tratamiento de estos&#8230;<\/p>\n\t\t<\/div>\n\t\t\n\t\t<a class=\"elementor-post__read-more\" href=\"https:\/\/zentrodbt.cl\/?p=616\" aria-label=\"Read more about Mitos sobre el TLP\" tabindex=\"-1\" >\n\t\t\tLeer \u00bb\t\t<\/a>\n\n\t\t\t\t<\/div>\n\t\t\t\t<div class=\"elementor-post__meta-data\">\n\t\t\t\t\t<span class=\"elementor-post-date\">\n\t\t\t17 de febrero de 2023\t\t<\/span>\n\t\t\t\t<span class=\"elementor-post-avatar\">\n\t\t\tNo hay comentarios\t\t<\/span>\n\t\t\t\t<\/div>\n\t\t\t\t\t<\/div>\n\t\t<\/article>\n\t\t\t\t<\/div>\n\t\t\n\t\t\t\t\t\t<\/div>\n\t\t\t\t<\/div>\n\t\t\t\t\t<\/div>\n\t\t<\/div>\n\t\t\t\t\t<\/div>\n\t\t<\/section>\n\t\t\t\t<\/div>\n\t\t","protected":false},"excerpt":{"rendered":"<p>ZentroDBT Terapia Conductual Dialectica &#8211; Minduflness Ultimos Post<\/p>\n","protected":false},"author":1,"featured_media":0,"parent":0,"menu_order":0,"comment_status":"closed","ping_status":"closed","template":"elementor_header_footer","meta":{"_joinchat":[],"footnotes":""},"class_list":["post-50","page","type-page","status-publish","hentry"],"_links":{"self":[{"href":"https:\/\/zentrodbt.cl\/index.php?rest_route=\/wp\/v2\/pages\/50","targetHints":{"allow":["GET"]}}],"collection":[{"href":"https:\/\/zentrodbt.cl\/index.php?rest_route=\/wp\/v2\/pages"}],"about":[{"href":"https:\/\/zentrodbt.cl\/index.php?rest_route=\/wp\/v2\/types\/page"}],"author":[{"embeddable":true,"href":"https:\/\/zentrodbt.cl\/index.php?rest_route=\/wp\/v2\/users\/1"}],"replies":[{"embeddable":true,"href":"https:\/\/zentrodbt.cl\/index.php?rest_route=%2Fwp%2Fv2%2Fcomments&post=50"}],"version-history":[{"count":64,"href":"https:\/\/zentrodbt.cl\/index.php?rest_route=\/wp\/v2\/pages\/50\/revisions"}],"predecessor-version":[{"id":390,"href":"https:\/\/zentrodbt.cl\/index.php?rest_route=\/wp\/v2\/pages\/50\/revisions\/390"}],"wp:attachment":[{"href":"https:\/\/zentrodbt.cl\/index.php?rest_route=%2Fwp%2Fv2%2Fmedia&parent=50"}],"curies":[{"name":"wp","href":"https:\/\/api.w.org\/{rel}","templated":true}]}}