{"id":347,"date":"2022-03-21T18:41:23","date_gmt":"2022-03-21T18:41:23","guid":{"rendered":"http:\/\/zentrodbt.cl\/?page_id=347"},"modified":"2022-06-24T17:43:17","modified_gmt":"2022-06-24T17:43:17","slug":"talleres","status":"publish","type":"page","link":"https:\/\/zentrodbt.cl\/?page_id=347","title":{"rendered":"Talleres"},"content":{"rendered":"\t\t<div data-elementor-type=\"wp-page\" data-elementor-id=\"347\" class=\"elementor elementor-347\" data-elementor-post-type=\"page\">\n\t\t\t\t\t\t<section class=\"elementor-section elementor-top-section elementor-element elementor-element-9d8a356 elementor-section-boxed elementor-section-height-default elementor-section-height-default\" data-id=\"9d8a356\" data-element_type=\"section\" data-e-type=\"section\" data-settings=\"{&quot;background_background&quot;:&quot;classic&quot;}\">\n\t\t\t\t\t\t\t<div class=\"elementor-background-overlay\"><\/div>\n\t\t\t\t\t\t\t<div class=\"elementor-container elementor-column-gap-default\">\n\t\t\t\t\t<div class=\"elementor-column elementor-col-100 elementor-top-column elementor-element elementor-element-0bebf40\" data-id=\"0bebf40\" data-element_type=\"column\" data-e-type=\"column\">\n\t\t\t<div class=\"elementor-widget-wrap elementor-element-populated\">\n\t\t\t\t\t\t<div class=\"elementor-element elementor-element-c36ad7c elementor-widget elementor-widget-heading\" data-id=\"c36ad7c\" data-element_type=\"widget\" data-e-type=\"widget\" data-widget_type=\"heading.default\">\n\t\t\t\t<div class=\"elementor-widget-container\">\n\t\t\t\t\t<h1 class=\"elementor-heading-title elementor-size-default\">Talleres<\/h1>\t\t\t\t<\/div>\n\t\t\t\t<\/div>\n\t\t\t\t\t<\/div>\n\t\t<\/div>\n\t\t\t\t\t<\/div>\n\t\t<\/section>\n\t\t\t\t<section class=\"elementor-section elementor-top-section elementor-element elementor-element-6e549e2 elementor-section-boxed elementor-section-height-default elementor-section-height-default\" data-id=\"6e549e2\" data-element_type=\"section\" data-e-type=\"section\">\n\t\t\t\t\t\t<div class=\"elementor-container elementor-column-gap-default\">\n\t\t\t\t\t<div class=\"elementor-column elementor-col-50 elementor-top-column elementor-element elementor-element-3a93be0\" data-id=\"3a93be0\" data-element_type=\"column\" data-e-type=\"column\">\n\t\t\t<div class=\"elementor-widget-wrap elementor-element-populated\">\n\t\t\t\t\t\t<div class=\"elementor-element elementor-element-2213629 elementor-position-top elementor-widget elementor-widget-image-box\" data-id=\"2213629\" data-element_type=\"widget\" data-e-type=\"widget\" data-widget_type=\"image-box.default\">\n\t\t\t\t<div class=\"elementor-widget-container\">\n\t\t\t\t\t<div class=\"elementor-image-box-wrapper\"><figure class=\"elementor-image-box-img\"><a href=\"https:\/\/zentrodbt.cl\/?page_id=433\" tabindex=\"-1\"><img fetchpriority=\"high\" decoding=\"async\" width=\"580\" height=\"387\" src=\"https:\/\/zentrodbt.cl\/wp-content\/uploads\/2022\/06\/Taller-Familiares-web-768x512.jpg\" class=\"elementor-animation-grow attachment-medium_large size-medium_large wp-image-451\" alt=\"\" srcset=\"https:\/\/zentrodbt.cl\/wp-content\/uploads\/2022\/06\/Taller-Familiares-web-768x512.jpg 768w, https:\/\/zentrodbt.cl\/wp-content\/uploads\/2022\/06\/Taller-Familiares-web-500x333.jpg 500w, https:\/\/zentrodbt.cl\/wp-content\/uploads\/2022\/06\/Taller-Familiares-web-1024x682.jpg 1024w, https:\/\/zentrodbt.cl\/wp-content\/uploads\/2022\/06\/Taller-Familiares-web.jpg 1238w\" sizes=\"(max-width: 580px) 100vw, 580px\" \/><\/a><\/figure><div class=\"elementor-image-box-content\"><h4 class=\"elementor-image-box-title\"><a href=\"https:\/\/zentrodbt.cl\/?page_id=433\">Taller para Familiares y Amigos de Pacientes DBT<\/a><\/h4><p class=\"elementor-image-box-description\">Taller te\u00f3rico-practico para familiares y amigos de pacientes DBT<\/p><\/div><\/div>\t\t\t\t<\/div>\n\t\t\t\t<\/div>\n\t\t\t\t<div class=\"elementor-element elementor-element-3c62606 elementor-align-center elementor-widget elementor-widget-button\" data-id=\"3c62606\" data-element_type=\"widget\" data-e-type=\"widget\" data-widget_type=\"button.default\">\n\t\t\t\t<div class=\"elementor-widget-container\">\n\t\t\t\t\t\t\t\t\t<div class=\"elementor-button-wrapper\">\n\t\t\t\t\t<a class=\"elementor-button elementor-button-link elementor-size-sm elementor-animation-grow\" href=\"https:\/\/zentrodbt.cl\/?page_id=433\">\n\t\t\t\t\t\t<span class=\"elementor-button-content-wrapper\">\n\t\t\t\t\t\t\t\t\t<span class=\"elementor-button-text\">M\u00e1s informaci\u00f3n<\/span>\n\t\t\t\t\t<\/span>\n\t\t\t\t\t<\/a>\n\t\t\t\t<\/div>\n\t\t\t\t\t\t\t\t<\/div>\n\t\t\t\t<\/div>\n\t\t\t\t\t<\/div>\n\t\t<\/div>\n\t\t\t\t<div class=\"elementor-column elementor-col-50 elementor-top-column elementor-element elementor-element-4c77e7f\" data-id=\"4c77e7f\" data-element_type=\"column\" data-e-type=\"column\">\n\t\t\t<div class=\"elementor-widget-wrap elementor-element-populated\">\n\t\t\t\t\t\t<div class=\"elementor-element elementor-element-1b29482 elementor-position-top elementor-widget elementor-widget-image-box\" data-id=\"1b29482\" data-element_type=\"widget\" data-e-type=\"widget\" data-widget_type=\"image-box.default\">\n\t\t\t\t<div class=\"elementor-widget-container\">\n\t\t\t\t\t<div class=\"elementor-image-box-wrapper\"><figure class=\"elementor-image-box-img\"><a href=\"https:\/\/zentrodbt.cl\/?page_id=331\" tabindex=\"-1\"><img decoding=\"async\" width=\"2560\" height=\"1707\" src=\"https:\/\/zentrodbt.cl\/wp-content\/uploads\/2022\/03\/Piezas-Graficas-10-scaled.jpg\" class=\"elementor-animation-grow attachment-full size-full wp-image-350\" alt=\"\" srcset=\"https:\/\/zentrodbt.cl\/wp-content\/uploads\/2022\/03\/Piezas-Graficas-10-scaled.jpg 2560w, https:\/\/zentrodbt.cl\/wp-content\/uploads\/2022\/03\/Piezas-Graficas-10-500x333.jpg 500w, https:\/\/zentrodbt.cl\/wp-content\/uploads\/2022\/03\/Piezas-Graficas-10-1024x683.jpg 1024w, https:\/\/zentrodbt.cl\/wp-content\/uploads\/2022\/03\/Piezas-Graficas-10-768x512.jpg 768w, https:\/\/zentrodbt.cl\/wp-content\/uploads\/2022\/03\/Piezas-Graficas-10-1536x1024.jpg 1536w, https:\/\/zentrodbt.cl\/wp-content\/uploads\/2022\/03\/Piezas-Graficas-10-2048x1366.jpg 2048w, https:\/\/zentrodbt.cl\/wp-content\/uploads\/2022\/03\/Piezas-Graficas-10-1568x1045.jpg 1568w\" sizes=\"(max-width: 2560px) 100vw, 2560px\" \/><\/a><\/figure><div class=\"elementor-image-box-content\"><h4 class=\"elementor-image-box-title\"><a href=\"https:\/\/zentrodbt.cl\/?page_id=331\">Taller de Mantenci\u00f3n DBT - Online<\/a><\/h4><p class=\"elementor-image-box-description\">Talleres mensuales de mantenimiento orientado a quienes hayan pasado por un proceso DBT.<\/p><\/div><\/div>\t\t\t\t<\/div>\n\t\t\t\t<\/div>\n\t\t\t\t<div class=\"elementor-element elementor-element-c3d4995 elementor-align-center elementor-widget elementor-widget-button\" data-id=\"c3d4995\" data-element_type=\"widget\" data-e-type=\"widget\" data-widget_type=\"button.default\">\n\t\t\t\t<div class=\"elementor-widget-container\">\n\t\t\t\t\t\t\t\t\t<div class=\"elementor-button-wrapper\">\n\t\t\t\t\t<a class=\"elementor-button elementor-button-link elementor-size-sm elementor-animation-grow\" href=\"https:\/\/zentrodbt.cl\/?page_id=331\">\n\t\t\t\t\t\t<span class=\"elementor-button-content-wrapper\">\n\t\t\t\t\t\t\t\t\t<span class=\"elementor-button-text\">M\u00e1s informaci\u00f3n<\/span>\n\t\t\t\t\t<\/span>\n\t\t\t\t\t<\/a>\n\t\t\t\t<\/div>\n\t\t\t\t\t\t\t\t<\/div>\n\t\t\t\t<\/div>\n\t\t\t\t\t<\/div>\n\t\t<\/div>\n\t\t\t\t\t<\/div>\n\t\t<\/section>\n\t\t\t\t<\/div>\n\t\t","protected":false},"excerpt":{"rendered":"<p>Talleres Taller para Familiares y Amigos de Pacientes DBT Taller te\u00f3rico-practico para familiares y amigos de pacientes DBT M\u00e1s informaci\u00f3n Taller de Mantenci\u00f3n DBT &#8211; Online Talleres mensuales de mantenimiento orientado a quienes hayan pasado por un proceso DBT. M\u00e1s informaci\u00f3n<\/p>\n","protected":false},"author":1,"featured_media":0,"parent":0,"menu_order":0,"comment_status":"closed","ping_status":"closed","template":"","meta":{"_joinchat":[],"footnotes":""},"class_list":["post-347","page","type-page","status-publish","hentry"],"_links":{"self":[{"href":"https:\/\/zentrodbt.cl\/index.php?rest_route=\/wp\/v2\/pages\/347","targetHints":{"allow":["GET"]}}],"collection":[{"href":"https:\/\/zentrodbt.cl\/index.php?rest_route=\/wp\/v2\/pages"}],"about":[{"href":"https:\/\/zentrodbt.cl\/index.php?rest_route=\/wp\/v2\/types\/page"}],"author":[{"embeddable":true,"href":"https:\/\/zentrodbt.cl\/index.php?rest_route=\/wp\/v2\/users\/1"}],"replies":[{"embeddable":true,"href":"https:\/\/zentrodbt.cl\/index.php?rest_route=%2Fwp%2Fv2%2Fcomments&post=347"}],"version-history":[{"count":16,"href":"https:\/\/zentrodbt.cl\/index.php?rest_route=\/wp\/v2\/pages\/347\/revisions"}],"predecessor-version":[{"id":454,"href":"https:\/\/zentrodbt.cl\/index.php?rest_route=\/wp\/v2\/pages\/347\/revisions\/454"}],"wp:attachment":[{"href":"https:\/\/zentrodbt.cl\/index.php?rest_route=%2Fwp%2Fv2%2Fmedia&parent=347"}],"curies":[{"name":"wp","href":"https:\/\/api.w.org\/{rel}","templated":true}]}}